{"id":16,"date":"2020-06-12T22:16:15","date_gmt":"2020-06-12T20:16:15","guid":{"rendered":"http:\/\/www.arthurmanz.com\/?page_id=16"},"modified":"2020-06-12T23:38:02","modified_gmt":"2020-06-12T21:38:02","slug":"a-propos","status":"publish","type":"page","link":"http:\/\/www.arthurmanz.com\/index.php\/a-propos\/","title":{"rendered":"\u00c0 propos"},"content":{"rendered":"\n\t\t\t\t<img loading=\"lazy\" decoding=\"async\" src=\"http:\/\/www.arthurmanz.com\/wp-content\/uploads\/2020\/06\/portrait_AM_1-978x1024.jpg\" alt=\"portrait_AM_1\" itemprop=\"image\" height=\"1024\" width=\"978\" title=\"portrait_AM_1\" onerror=\"this.style.display='none'\"  \/>\n\t<p>Cr\u00e9er \u00e0 partir d\u2019images en mouvement\u00a0: c\u2019est <strong>le cin\u00e9ma<\/strong> ; et pourtant ce mouvement na\u00eet d\u2019une suite d\u2019images arr\u00eat\u00e9es. Tout commence ici, j\u2019ai fait d\u00e8s l\u2019adolescence le choix de ce m\u00e9tier \u00e0 cause de cette illusion\u00a0: elle m\u2019a fascin\u00e9e.<\/p>\nJ\u2019ai suivi les cours de l\u2019\u00e9cole des <strong>Beaux-Arts<\/strong> de Berne, section photographie, accompagn\u00e9s d\u2019<strong>une formation dans un labo cin\u00e9matographique<\/strong> (Schwarz Film AG).<br \/>\nJe suis devenu <strong>cameraman monteur<\/strong> pour la <strong>t\u00e9l\u00e9vision italienne<\/strong> (RAI) \u00e0 Gen\u00e8ve, puis j\u2019ai travaill\u00e9 en <strong>freelance<\/strong> pour des soci\u00e9t\u00e9s de production de <strong>films publicitaires<\/strong> et un important studio de <strong>postproduction<\/strong> zurichois.<br \/>\nJ\u2019ai cr\u00e9\u00e9 avec deux associ\u00e9s une <strong>soci\u00e9t\u00e9 de production<\/strong> \u00e0 B\u00e2le, avant, finalement, de<br \/>\nm\u2019installer dans le sud de la France, o\u00f9 j\u2019ai fond\u00e9 ma propre structure.\nJ\u2019ai toujours eu une pr\u00e9f\u00e9rence pour ce que j\u2019appelle <strong>\u00ab l\u2019\u00e9criture de la lumi\u00e8re \u00bb<\/strong>, le travail de l\u2019op\u00e9rateur, mais le montage et la r\u00e9alisation sont eux aussi au c\u0153ur de mon parcours.<br \/>\nSavoir habilement, agilement, passer d\u2019un domaine \u00e0 un autre est, me semble-t-il, la clef<br \/>\nd\u2019un exercice<strong> libre et cr\u00e9atif<\/strong> dans le monde de la production audiovisuelle. Cette connaissance des multiples facettes du m\u00e9tier m\u2019a permis de travailler dans des <strong>domaines tr\u00e8s vari\u00e9s<\/strong> : films publicitaires, institutionnels ou \u00e9v\u00e9nementiels, mais \u00e9galement clips musicaux ou films documentaires.<br \/>\nAujourd\u2019hui, c\u2019est au documentaire que je souhaite consacrer le plus de temps.\n","protected":false},"excerpt":{"rendered":"<p>Cr\u00e9er \u00e0 partir d\u2019images en mouvement\u00a0: c\u2019est le cin\u00e9ma ; et pourtant ce mouvement na\u00eet d\u2019une suite d\u2019images arr\u00eat\u00e9es. Tout commence ici, j\u2019ai fait d\u00e8s l\u2019adolescence le choix de ce m\u00e9tier \u00e0 cause de cette illusion\u00a0: elle m\u2019a fascin\u00e9e. J\u2019ai suivi les cours de l\u2019\u00e9cole des Beaux-Arts de Berne, section [&hellip;]<\/p>\n","protected":false},"author":1,"featured_media":13,"parent":0,"menu_order":0,"comment_status":"closed","ping_status":"closed","template":"","meta":{"footnotes":""},"class_list":["post-16","page","type-page","status-publish","has-post-thumbnail","hentry"],"_links":{"self":[{"href":"http:\/\/www.arthurmanz.com\/index.php\/wp-json\/wp\/v2\/pages\/16","targetHints":{"allow":["GET"]}}],"collection":[{"href":"http:\/\/www.arthurmanz.com\/index.php\/wp-json\/wp\/v2\/pages"}],"about":[{"href":"http:\/\/www.arthurmanz.com\/index.php\/wp-json\/wp\/v2\/types\/page"}],"author":[{"embeddable":true,"href":"http:\/\/www.arthurmanz.com\/index.php\/wp-json\/wp\/v2\/users\/1"}],"replies":[{"embeddable":true,"href":"http:\/\/www.arthurmanz.com\/index.php\/wp-json\/wp\/v2\/comments?post=16"}],"version-history":[{"count":4,"href":"http:\/\/www.arthurmanz.com\/index.php\/wp-json\/wp\/v2\/pages\/16\/revisions"}],"predecessor-version":[{"id":94,"href":"http:\/\/www.arthurmanz.com\/index.php\/wp-json\/wp\/v2\/pages\/16\/revisions\/94"}],"wp:featuredmedia":[{"embeddable":true,"href":"http:\/\/www.arthurmanz.com\/index.php\/wp-json\/wp\/v2\/media\/13"}],"wp:attachment":[{"href":"http:\/\/www.arthurmanz.com\/index.php\/wp-json\/wp\/v2\/media?parent=16"}],"curies":[{"name":"wp","href":"https:\/\/api.w.org\/{rel}","templated":true}]}}